{"id":4220,"date":"2026-01-29T19:19:04","date_gmt":"2026-01-29T18:19:04","guid":{"rendered":"https:\/\/soma-terra.com\/?page_id=4220"},"modified":"2026-01-29T19:28:30","modified_gmt":"2026-01-29T18:28:30","slug":"hipnoterapija-iskustva","status":"publish","type":"page","link":"https:\/\/soma-terra.com\/en\/hipnoterapija-iskustva\/","title":{"rendered":"Hipnoterapija iskustva"},"content":{"rendered":"<div data-elementor-type=\"wp-page\" data-elementor-id=\"4220\" class=\"elementor elementor-4220\">\n\t\t\t\t<div class=\"elementor-element elementor-element-1ce9718a e-flex e-con-boxed wpr-particle-no wpr-jarallax-no wpr-parallax-no wpr-sticky-section-no e-con e-parent\" data-id=\"1ce9718a\" data-element_type=\"container\" data-settings=\"{&quot;background_background&quot;:&quot;classic&quot;}\">\n\t\t\t\t\t<div class=\"e-con-inner\">\n\t\t\t\t<div class=\"elementor-element elementor-element-7b738fa8 elementor-widget elementor-widget-heading\" data-id=\"7b738fa8\" data-element_type=\"widget\" data-widget_type=\"heading.default\">\n\t\t\t\t<div class=\"elementor-widget-container\">\n\t\t\t\t\t<h2 class=\"elementor-heading-title elementor-size-default\">Iz njihova iskustva \u2013 \u0161to hipnoterapija donosi<\/h2>\t\t\t\t<\/div>\n\t\t\t\t<\/div>\n\t\t\t\t\t<\/div>\n\t\t\t\t<\/div>\n\t\t<div class=\"elementor-element elementor-element-1f419e9d e-flex e-con-boxed wpr-particle-no wpr-jarallax-no wpr-parallax-no wpr-sticky-section-no e-con e-parent\" data-id=\"1f419e9d\" data-element_type=\"container\">\n\t\t\t\t\t<div class=\"e-con-inner\">\n\t\t\t\t<div class=\"elementor-element elementor-element-24f77eec elementor-widget elementor-widget-text-editor\" data-id=\"24f77eec\" data-element_type=\"widget\" data-widget_type=\"text-editor.default\">\n\t\t\t\t<div class=\"elementor-widget-container\">\n\t\t\t\t\t\t\t\t\t<p>Hipnoterapija je poput tihe rukavice koja vodi um i tijelo prema mirnijim ritmovima.\u00a0<\/p><p>Oni koji su pro\u0161li proces otkrivaju kako male promjene u svakodnevici mogu donijeti\u00a0<\/p><p>osje\u0107aj stabilnosti, smirenosti i kontrole nad vlastitim reakcijama.<\/p>\t\t\t\t\t\t\t\t<\/div>\n\t\t\t\t<\/div>\n\t\t<div class=\"elementor-element elementor-element-4ef0c872 e-con-full e-flex wpr-particle-no wpr-jarallax-no wpr-parallax-no wpr-sticky-section-no e-con e-child\" data-id=\"4ef0c872\" data-element_type=\"container\">\n\t\t\t\t<div class=\"elementor-element elementor-element-4f416cf2 elementor-widget elementor-widget-text-editor\" data-id=\"4f416cf2\" data-element_type=\"widget\" data-widget_type=\"text-editor.default\">\n\t\t\t\t<div class=\"elementor-widget-container\">\n\t\t\t\t\t\t\t\t\t<blockquote data-start=\"1143\" data-end=\"1517\"><p data-start=\"1145\" data-end=\"1517\">\u201cH<em data-start=\"957\" data-end=\"1358\">ipnoterapija mi je pru\u017eila prvi pravi osje\u0107aj unutarnjeg mira nakon dugih godina stresa i preoptere\u0107enosti. Tijekom sesija sam otkrila koliko \u010desto reagiram automatski, a sada imam alate da se zaustavim i svjesno odaberem svoj odgovor. Osje\u0107am se smirenije i sposobnije upravljati svakodnevnim izazovima, a male stvari koje sam ranije uzimala zdravo za gotovo sada do\u017eivljavam s vi\u0161e prisutnosti.\u201c<\/em><br data-start=\"1358\" data-end=\"1361\" \/>\u2014 Maja, 38<\/p><\/blockquote>\t\t\t\t\t\t\t\t<\/div>\n\t\t\t\t<\/div>\n\t\t\t\t<div class=\"elementor-element elementor-element-6055981d elementor-widget-divider--view-line elementor-widget elementor-widget-divider\" data-id=\"6055981d\" data-element_type=\"widget\" data-widget_type=\"divider.default\">\n\t\t\t\t<div class=\"elementor-widget-container\">\n\t\t\t\t\t\t\t<div class=\"elementor-divider\">\n\t\t\t<span class=\"elementor-divider-separator\">\n\t\t\t\t\t\t<\/span>\n\t\t<\/div>\n\t\t\t\t\t\t<\/div>\n\t\t\t\t<\/div>\n\t\t\t\t<div class=\"elementor-element elementor-element-24ccd9a2 elementor-widget elementor-widget-text-editor\" data-id=\"24ccd9a2\" data-element_type=\"widget\" data-widget_type=\"text-editor.default\">\n\t\t\t\t<div class=\"elementor-widget-container\">\n\t\t\t\t\t\t\t\t\t<p data-section-id=\"1eeqjq1\" data-start=\"1094\" data-end=\"1141\">\u00a0<\/p><blockquote data-start=\"1143\" data-end=\"1517\"><p data-start=\"1145\" data-end=\"1517\">\u201c<em data-start=\"1389\" data-end=\"1752\">Sesije hipnoterapije bile su iznena\u0111uju\u0107e iskustvo. Tijekom procesa sam shvatila koliko \u010desto moje tijelo i um nose napetost i brige, \u010dak i kad mislim da sam opu\u0161tena. Sada se osje\u0107am povezano sa sobom i sa svojim mislima, lak\u0161e prihva\u0107am svoje osje\u0107aje i jasno vidim kada se povla\u010dim u stare obrasce. Osje\u0107am vi\u0161e stabilnosti i jasno\u0107e u svakodnevnom \u017eivotu.\u201c<\/em><br data-start=\"1752\" data-end=\"1755\" \/>\u2014 Ivan, 44<\/p><\/blockquote>\t\t\t\t\t\t\t\t<\/div>\n\t\t\t\t<\/div>\n\t\t\t\t<div class=\"elementor-element elementor-element-105e1524 elementor-widget-divider--view-line elementor-widget elementor-widget-divider\" data-id=\"105e1524\" data-element_type=\"widget\" data-widget_type=\"divider.default\">\n\t\t\t\t<div class=\"elementor-widget-container\">\n\t\t\t\t\t\t\t<div class=\"elementor-divider\">\n\t\t\t<span class=\"elementor-divider-separator\">\n\t\t\t\t\t\t<\/span>\n\t\t<\/div>\n\t\t\t\t\t\t<\/div>\n\t\t\t\t<\/div>\n\t\t\t\t<div class=\"elementor-element elementor-element-7cd3c9da elementor-widget elementor-widget-text-editor\" data-id=\"7cd3c9da\" data-element_type=\"widget\" data-widget_type=\"text-editor.default\">\n\t\t\t\t<div class=\"elementor-widget-container\">\n\t\t\t\t\t\t\t\t\t<p data-section-id=\"1eeqjq1\" data-start=\"1094\" data-end=\"1141\">\u00a0<\/p><blockquote data-start=\"1143\" data-end=\"1517\"><p data-start=\"1145\" data-end=\"1517\">\u201c<em data-start=\"1783\" data-end=\"2195\">Nikada nisam mislila da \u0107u tako brzo osjetiti promjene u svom unutarnjem stanju. Hipnoterapija mi je pomogla osvijestiti sitne obrasce koji su mi stvarali napetost i frustraciju. Osje\u0107am da se bolje razumijem, da se moje misli i emocije lak\u0161e uskla\u0111uju, i da se mogu fokusirati na ono \u0161to mi zaista zna\u010di. Svaka sesija je bila sigurna, vo\u0111ena i nje\u017ena, i osje\u0107am se zahvalno \u0161to imam ovaj alat u svom \u017eivotu.\u201c<\/em><br data-start=\"2195\" data-end=\"2198\" \/>\u2014 Ana, 31<\/p><\/blockquote>\t\t\t\t\t\t\t\t<\/div>\n\t\t\t\t<\/div>\n\t\t\t\t<\/div>\n\t\t\t\t\t<\/div>\n\t\t\t\t<\/div>\n\t\t\t\t<\/div>","protected":false},"excerpt":{"rendered":"<p>Iz njihova iskustva \u2013 \u0161to hipnoterapija donosi Hipnoterapija je poput tihe rukavice koja vodi um i tijelo prema mirnijim ritmovima.\u00a0 Oni koji su pro\u0161li proces otkrivaju kako male promjene u svakodnevici mogu donijeti\u00a0 osje\u0107aj stabilnosti, smirenosti i kontrole nad vlastitim reakcijama. \u201cHipnoterapija mi je pru\u017eila prvi pravi osje\u0107aj unutarnjeg mira nakon dugih godina stresa i preoptere\u0107enosti. Tijekom sesija sam otkrila koliko \u010desto reagiram automatski, a sada imam alate da se zaustavim i svjesno odaberem svoj odgovor. Osje\u0107am se smirenije i sposobnije upravljati svakodnevnim izazovima, a male stvari koje sam ranije uzimala zdravo za gotovo sada do\u017eivljavam s vi\u0161e prisutnosti.\u201c\u2014 Maja, 38 \u00a0 \u201cSesije hipnoterapije bile su iznena\u0111uju\u0107e iskustvo. Tijekom procesa sam shvatila koliko \u010desto moje tijelo i um nose napetost i brige, \u010dak i kad mislim da sam opu\u0161tena. Sada se osje\u0107am povezano sa sobom i sa svojim mislima, lak\u0161e prihva\u0107am svoje osje\u0107aje i jasno vidim kada se povla\u010dim u stare obrasce. Osje\u0107am vi\u0161e stabilnosti i jasno\u0107e u svakodnevnom \u017eivotu.\u201c\u2014 Ivan, 44 \u00a0 \u201cNikada nisam mislila da \u0107u tako brzo osjetiti promjene u svom unutarnjem stanju. Hipnoterapija mi je pomogla osvijestiti sitne obrasce koji su mi stvarali napetost i frustraciju. Osje\u0107am da se bolje razumijem, da se moje misli i emocije lak\u0161e uskla\u0111uju, i da se mogu fokusirati na ono \u0161to mi zaista zna\u010di. Svaka sesija je bila sigurna, vo\u0111ena i nje\u017ena, i osje\u0107am se zahvalno \u0161to imam ovaj alat u svom \u017eivotu.\u201c\u2014 Ana, 31<\/p>","protected":false},"author":1,"featured_media":0,"parent":0,"menu_order":0,"comment_status":"closed","ping_status":"closed","template":"","meta":{"site-sidebar-layout":"no-sidebar","site-content-layout":"page-builder","ast-site-content-layout":"full-width-container","site-content-style":"default","site-sidebar-style":"default","ast-global-header-display":"","ast-banner-title-visibility":"","ast-main-header-display":"","ast-hfb-above-header-display":"","ast-hfb-below-header-display":"","ast-hfb-mobile-header-display":"","site-post-title":"disabled","ast-breadcrumbs-content":"","ast-featured-img":"disabled","footer-sml-layout":"","theme-transparent-header-meta":"enabled","adv-header-id-meta":"","stick-header-meta":"","header-above-stick-meta":"","header-main-stick-meta":"","header-below-stick-meta":"","astra-migrate-meta-layouts":"set","ast-page-background-enabled":"default","ast-page-background-meta":{"desktop":{"background-color":"","background-image":"","background-repeat":"repeat","background-position":"center center","background-size":"auto","background-attachment":"scroll","background-type":"","background-media":"","overlay-type":"","overlay-color":"","overlay-opacity":"","overlay-gradient":""},"tablet":{"background-color":"","background-image":"","background-repeat":"repeat","background-position":"center center","background-size":"auto","background-attachment":"scroll","background-type":"","background-media":"","overlay-type":"","overlay-color":"","overlay-opacity":"","overlay-gradient":""},"mobile":{"background-color":"","background-image":"","background-repeat":"repeat","background-position":"center center","background-size":"auto","background-attachment":"scroll","background-type":"","background-media":"","overlay-type":"","overlay-color":"","overlay-opacity":"","overlay-gradient":""}},"ast-content-background-meta":{"desktop":{"background-color":"var(--ast-global-color-5)","background-image":"","background-repeat":"repeat","background-position":"center center","background-size":"auto","background-attachment":"scroll","background-type":"","background-media":"","overlay-type":"","overlay-color":"","overlay-opacity":"","overlay-gradient":""},"tablet":{"background-color":"var(--ast-global-color-5)","background-image":"","background-repeat":"repeat","background-position":"center center","background-size":"auto","background-attachment":"scroll","background-type":"","background-media":"","overlay-type":"","overlay-color":"","overlay-opacity":"","overlay-gradient":""},"mobile":{"background-color":"var(--ast-global-color-5)","background-image":"","background-repeat":"repeat","background-position":"center center","background-size":"auto","background-attachment":"scroll","background-type":"","background-media":"","overlay-type":"","overlay-color":"","overlay-opacity":"","overlay-gradient":""}},"footnotes":""},"class_list":["post-4220","page","type-page","status-publish","hentry"],"_links":{"self":[{"href":"https:\/\/soma-terra.com\/en\/wp-json\/wp\/v2\/pages\/4220","targetHints":{"allow":["GET"]}}],"collection":[{"href":"https:\/\/soma-terra.com\/en\/wp-json\/wp\/v2\/pages"}],"about":[{"href":"https:\/\/soma-terra.com\/en\/wp-json\/wp\/v2\/types\/page"}],"author":[{"embeddable":true,"href":"https:\/\/soma-terra.com\/en\/wp-json\/wp\/v2\/users\/1"}],"replies":[{"embeddable":true,"href":"https:\/\/soma-terra.com\/en\/wp-json\/wp\/v2\/comments?post=4220"}],"version-history":[{"count":4,"href":"https:\/\/soma-terra.com\/en\/wp-json\/wp\/v2\/pages\/4220\/revisions"}],"predecessor-version":[{"id":4225,"href":"https:\/\/soma-terra.com\/en\/wp-json\/wp\/v2\/pages\/4220\/revisions\/4225"}],"wp:attachment":[{"href":"https:\/\/soma-terra.com\/en\/wp-json\/wp\/v2\/media?parent=4220"}],"curies":[{"name":"wp","href":"https:\/\/api.w.org\/{rel}","templated":true}]}}